{"id":297,"date":"2024-08-07T21:07:47","date_gmt":"2024-08-07T21:07:47","guid":{"rendered":"https:\/\/www.aero-relic.org\/?page_id=297"},"modified":"2024-08-07T22:20:17","modified_gmt":"2024-08-07T22:20:17","slug":"b-24-42-78213","status":"publish","type":"page","link":"https:\/\/www.aero-relic.org\/index.php\/b-24-42-78213\/","title":{"rendered":"B-24 42-78213"},"content":{"rendered":"\n<div class=\"wp-block-group alignfull is-layout-constrained wp-container-core-group-is-layout-490fa1db wp-block-group-is-layout-constrained\" style=\"padding-top:var(--wp--preset--spacing--50);padding-right:var(--wp--preset--spacing--50);padding-bottom:var(--wp--preset--spacing--50);padding-left:var(--wp--preset--spacing--50)\">\n<div class=\"wp-block-group is-layout-constrained wp-container-core-group-is-layout-650790e1 wp-block-group-is-layout-constrained\">\n<h1 class=\"wp-block-heading has-text-align-center has-x-large-font-size\">Pilote : Sous-Lieutenant Robert V. Batz<\/h1>\n\n\n\n<div style=\"height:1.25rem\" aria-hidden=\"true\" class=\"wp-block-spacer\"><\/div>\n<\/div>\n<\/div>\n\n\n\n<div class=\"wp-block-group alignfull has-base-2-background-color has-background is-layout-constrained wp-container-core-group-is-layout-669513ed wp-block-group-is-layout-constrained\" style=\"margin-top:0;margin-bottom:0;padding-top:var(--wp--preset--spacing--50);padding-right:var(--wp--preset--spacing--50);padding-bottom:var(--wp--preset--spacing--50);padding-left:var(--wp--preset--spacing--50)\">\n<div class=\"wp-block-group is-vertical is-content-justification-center is-layout-flex wp-container-core-group-is-layout-52b864f0 wp-block-group-is-layout-flex\">\n<h2 class=\"wp-block-heading has-text-align-center is-style-asterisk\">Mission<\/h2>\n\n\n\n<div style=\"height:0px\" aria-hidden=\"true\" class=\"wp-block-spacer wp-container-content-4f2ccadb\"><\/div>\n\n\n\n<p>Date : 27 mai 1944, 9h20, MACR 5413<br>Base :<\/p>\n\n\n\n<p>Objectif : Bombardement du terrain d&#8217;aviation de Montpellier<br>Zone de crash : En mer (-42m), en rade d&#8217;Agay,Var, France<\/p>\n<\/div>\n\n\n\n<div class=\"wp-block-group is-vertical is-content-justification-center is-layout-flex wp-container-core-group-is-layout-52b864f0 wp-block-group-is-layout-flex\">\n<h2 class=\"wp-block-heading has-text-align-center is-style-asterisk\">Avion<\/h2>\n\n\n\n<div style=\"height:0px\" aria-hidden=\"true\" class=\"wp-block-spacer wp-container-content-4f2ccadb\"><\/div>\n\n\n\n<p class=\"has-text-align-left\">Type : B-24G-10-NT<br>Serial : 42-78213 &#8220;Miss I Hope&#8221;<\/p>\n\n\n\n<p class=\"has-text-align-left\">Unit\u00e9 : 15th AF, 304th BW, 454th BG, 736th Squadron<\/p>\n<\/div>\n\n\n\n<div class=\"wp-block-group is-vertical is-content-justification-center is-layout-flex wp-container-core-group-is-layout-52b864f0 wp-block-group-is-layout-flex\">\n<h2 class=\"wp-block-heading has-text-align-center is-style-asterisk\">Equipage<\/h2>\n\n\n\n<div style=\"height:0px\" aria-hidden=\"true\" class=\"wp-block-spacer wp-container-content-4f2ccadb\"><\/div>\n\n\n\n<figure class=\"wp-block-table is-style-stripes\"><table><tbody><tr><td>Pilote<\/td><td>S\/Lt<\/td><td>Robert V. Batz<\/td><td>O-680155<\/td><td class=\"has-text-align-left\" data-align=\"left\">Tu\u00e9<\/td><\/tr><tr><td>Copilote<\/td><td>S\/Lt<\/td><td>Georges E. Erlewine<\/td><td>O-691390<\/td><td class=\"has-text-align-left\" data-align=\"left\">Tu\u00e9<\/td><\/tr><tr><td>Navigateur<\/td><td>S\/Lt<\/td><td>Robert T. Bragg<\/td><td>O-747971<\/td><td class=\"has-text-align-left\" data-align=\"left\">Tu\u00e9<\/td><\/tr><tr><td>Bombardier<\/td><td>S\/Lt<\/td><td>James A. Logan<\/td><td>O-689476<\/td><td class=\"has-text-align-left\" data-align=\"left\"><\/td><\/tr><tr><td>Radio<\/td><td>Sgt<\/td><td>Gene J. Vodopia<\/td><td>20284029<\/td><td class=\"has-text-align-left\" data-align=\"left\"><\/td><\/tr><tr><td>Pilote-observateur<\/td><td>Sgt<\/td><td>Albert G. Little<\/td><td>12200348<\/td><td class=\"has-text-align-left\" data-align=\"left\"><\/td><\/tr><tr><td>Bombardier-observateur<\/td><td>Sgt<\/td><td>Robert F. Roiyer<\/td><td>32734233<\/td><td class=\"has-text-align-left\" data-align=\"left\">Tu\u00e9<\/td><\/tr><tr><td>Mitrailleur<\/td><td>Sgt<\/td><td>Ward O. Bowman<\/td><td>35034928<\/td><td class=\"has-text-align-left\" data-align=\"left\">Tu\u00e9<\/td><\/tr><tr><td>Mitrailleur<\/td><td>Sgt<\/td><td>William J. Ramsey<\/td><td>32710427<\/td><td class=\"has-text-align-left\" data-align=\"left\">Tu\u00e9<\/td><\/tr><tr><td>Mitrailleur<\/td><td>Sgt<\/td><td>Clyde K. Peters<\/td><td>39692528<\/td><td class=\"has-text-align-left\" data-align=\"left\"><\/td><\/tr><\/tbody><\/table><\/figure>\n<\/div>\n\n\n\n<div style=\"margin-top:0;margin-bottom:0;height:var(--wp--preset--spacing--40)\" aria-hidden=\"true\" class=\"wp-block-spacer\"><\/div>\n\n\n\n<div class=\"wp-block-columns alignwide is-layout-flex wp-container-core-columns-is-layout-d0bbbce0 wp-block-columns-is-layout-flex\">\n<div class=\"wp-block-column is-layout-flow wp-container-core-column-is-layout-e3d1c41b wp-block-column-is-layout-flow\">\n<p>Le samedi 27 mai 1944, les quatre groupes de bombardement du 304th Bomber-Wing de la 15th Air Force, d\u00e9collaient de leurs bases du sud de l&#8217;Italie, pour attaquer le terrain d&#8217;aviation de Montpellier\/Fr\u00e9jorgues.<br>Parmi eux, le 454th Bomber-Goup, form\u00e9 de 30 appareils. C&#8217;est tr\u00e8s peu de temps avant le passage des c\u00f4tes fran\u00e7aises, au niveau du cap Roux, situ\u00e9 sur les c\u00f4tes du massif de l&#8217;Est\u00e9rel, qu&#8217;un B-24 est touch\u00e9 de plein de fouet par la Flak.<\/p>\n\n\n\n<p>Piquant soudainement en effectuant de large spirales, l&#8217;appareil, portant le num\u00e9ro 42-78213, et surnomm\u00e9 &#8220;Miss I Hope&#8221;, va percuter la mer et s&#8217;engouffrer dans la passe de la rade d&#8217;Agay.<\/p>\n\n\n\n<p>4 hommes r\u00e9ussiront \u00e0 sauter en parachute, et seront imm\u00e9diatement faits prisonniers. Le parachute d&#8217;un cinqui\u00e8me homme, le mitrailleur de la tourelle de nez, se mettra malheureusement en torche, tandis que les cinq membres d&#8217;\u00e9quipage restants seront tu\u00e9s \u00e0 leur tour, ayant \u00e9t\u00e9, pour diverses raisons, dans l&#8217;incapacit\u00e9 d&#8217;\u00e9vacuer l&#8217;avion.<\/p>\n\n\n\n<p>La mer, d\u00e9s lors, va se refermer sur le bombardier devenu maintenant une \u00e9pave sous-marine et c&#8217;est ainsi, que fin ao\u00fbt 1984, lors d&#8217;une plong\u00e9e d&#8217;exploration en baie d&#8217;Agay, sont d\u00e9couverts, par 42 m\u00e8tres de profondeur, ses vestiges disloqu\u00e9s.<\/p>\n\n\n\n<p>L&#8217;\u00e9quipe \u00e0 la base de la d\u00e9couverte de cette \u00e9pave (Philippe Bres, Jean-Pierre Joncheray, son fils Philippe, Bernard Mariller, Yves Moussou, Claude Pinaut et l\u2019auteur), fut tr\u00e8s touch\u00e9e par cette masse informe reposant sur le fond sableux o\u00f9 gisaient des gilets anti-Flak, le parachute enroul\u00e9 autour d\u2019une mitrailleuse et des brodequins\u2026<\/p>\n\n\n\n<p>Une chance inou\u00efe allait aussi jouer en notre faveur, car le matricule de l&#8217;avion se trouvait toujours inscrit (peint au pochoir sur le flanc gauche de la carlingue), la peinture noire ayant miraculeusement r\u00e9sist\u00e9e \u00e0 40 ann\u00e9es d&#8217;immersion.<\/p>\n<\/div>\n<\/div>\n\n\n\n<div style=\"height:var(--wp--preset--spacing--20)\" aria-hidden=\"true\" class=\"wp-block-spacer\"><\/div>\n<\/div>\n\n\n\n<div class=\"wp-block-group alignfull is-layout-constrained wp-container-core-group-is-layout-d89aad35 wp-block-group-is-layout-constrained\" style=\"margin-top:0;margin-bottom:0;padding-top:var(--wp--preset--spacing--50);padding-right:var(--wp--preset--spacing--50);padding-bottom:var(--wp--preset--spacing--50);padding-left:var(--wp--preset--spacing--50)\">\n<div class=\"wp-block-group alignwide is-layout-constrained wp-container-core-group-is-layout-19e250f3 wp-block-group-is-layout-constrained\">\n<div style=\"height:16px\" aria-hidden=\"true\" class=\"wp-block-spacer\"><\/div>\n\n\n\n<div class=\"wp-block-columns alignwide is-layout-flex wp-container-core-columns-is-layout-d1c656ed wp-block-columns-is-layout-flex\">\n<div class=\"wp-block-column is-layout-flow wp-block-column-is-layout-flow\" style=\"flex-basis:50%\">\n<figure class=\"wp-block-gallery has-nested-images columns-default is-cropped wp-block-gallery-1 is-layout-flex wp-block-gallery-is-layout-flex\">\n<figure class=\"wp-block-image size-full is-style-default\"><img loading=\"lazy\" decoding=\"async\" width=\"412\" height=\"558\" data-id=\"299\" src=\"https:\/\/www.aero-relic.org\/wp-content\/uploads\/2024\/08\/batzrobert.jpg\" alt=\"\" class=\"wp-image-299\" srcset=\"https:\/\/www.aero-relic.org\/wp-content\/uploads\/2024\/08\/batzrobert.jpg 412w, https:\/\/www.aero-relic.org\/wp-content\/uploads\/2024\/08\/batzrobert-222x300.jpg 222w\" sizes=\"auto, (max-width: 412px) 100vw, 412px\" \/><\/figure>\n<\/figure>\n<\/div>\n\n\n\n<div class=\"wp-block-column is-vertically-aligned-center is-layout-flow wp-block-column-is-layout-flow\" style=\"flex-basis:40%\">\n<ul style=\"line-height:1.75\" class=\"wp-block-list is-style-checkmark-list\">\n<li>Le Sous-Lieutenant S\/Lt Robert V. Batz, pilote (Tu\u00e9)<\/li>\n<\/ul>\n<\/div>\n<\/div>\n\n\n\n<div style=\"height:var(--wp--preset--spacing--40)\" aria-hidden=\"true\" class=\"wp-block-spacer\"><\/div>\n\n\n\n<div class=\"wp-block-columns alignwide is-layout-flex wp-container-core-columns-is-layout-d1c656ed wp-block-columns-is-layout-flex\">\n<div class=\"wp-block-column is-layout-flow wp-block-column-is-layout-flow\" style=\"flex-basis:50%\">\n<figure class=\"wp-block-gallery has-nested-images columns-default is-cropped wp-block-gallery-2 is-layout-flex wp-block-gallery-is-layout-flex\">\n<figure class=\"wp-block-image size-full is-style-default\"><img loading=\"lazy\" decoding=\"async\" width=\"400\" height=\"265\" data-id=\"304\" src=\"https:\/\/www.aero-relic.org\/wp-content\/uploads\/2024\/08\/batznezparachute.jpg\" alt=\"\" class=\"wp-image-304\" srcset=\"https:\/\/www.aero-relic.org\/wp-content\/uploads\/2024\/08\/batznezparachute.jpg 400w, https:\/\/www.aero-relic.org\/wp-content\/uploads\/2024\/08\/batznezparachute-300x199.jpg 300w\" sizes=\"auto, (max-width: 400px) 100vw, 400px\" \/><\/figure>\n<\/figure>\n<\/div>\n\n\n\n<div class=\"wp-block-column is-vertically-aligned-center is-layout-flow wp-block-column-is-layout-flow\" style=\"flex-basis:40%\">\n<ul style=\"line-height:1.75\" class=\"wp-block-list is-style-checkmark-list\">\n<li>Partie avant (tourelle de nez). P. Castellano tient dans sa main gauche le parachute du s\/lt Robert T. Bragg, navigateur, tu\u00e9 dans l&#8217;explosion du B-24<\/li>\n<\/ul>\n<\/div>\n<\/div>\n\n\n\n<div style=\"height:var(--wp--preset--spacing--40)\" aria-hidden=\"true\" class=\"wp-block-spacer\"><\/div>\n\n\n\n<div class=\"wp-block-columns alignwide is-layout-flex wp-container-core-columns-is-layout-d1c656ed wp-block-columns-is-layout-flex\">\n<div class=\"wp-block-column is-layout-flow wp-block-column-is-layout-flow\" style=\"flex-basis:50%\">\n<figure class=\"wp-block-gallery has-nested-images columns-default is-cropped wp-block-gallery-3 is-layout-flex wp-block-gallery-is-layout-flex\">\n<figure class=\"wp-block-image size-full is-style-default\"><img loading=\"lazy\" decoding=\"async\" width=\"400\" height=\"265\" data-id=\"303\" src=\"https:\/\/www.aero-relic.org\/wp-content\/uploads\/2024\/08\/batzbombs.jpg\" alt=\"\" class=\"wp-image-303\" srcset=\"https:\/\/www.aero-relic.org\/wp-content\/uploads\/2024\/08\/batzbombs.jpg 400w, https:\/\/www.aero-relic.org\/wp-content\/uploads\/2024\/08\/batzbombs-300x199.jpg 300w\" sizes=\"auto, (max-width: 400px) 100vw, 400px\" \/><\/figure>\n<\/figure>\n<\/div>\n\n\n\n<div class=\"wp-block-column is-vertically-aligned-center is-layout-flow wp-block-column-is-layout-flow\" style=\"flex-basis:40%\">\n<ul style=\"line-height:1.75\" class=\"wp-block-list is-style-checkmark-list\">\n<li>Anne Joncheray sur le chargement de bombes du B-24 42-78213 &#8220;Miss I Hope&#8221;<\/li>\n<\/ul>\n<\/div>\n<\/div>\n\n\n\n<div style=\"height:var(--wp--preset--spacing--40)\" aria-hidden=\"true\" class=\"wp-block-spacer\"><\/div>\n\n\n\n<div class=\"wp-block-columns alignwide is-layout-flex wp-container-core-columns-is-layout-d1c656ed wp-block-columns-is-layout-flex\">\n<div class=\"wp-block-column is-layout-flow wp-block-column-is-layout-flow\" style=\"flex-basis:50%\">\n<figure class=\"wp-block-gallery has-nested-images columns-default is-cropped wp-block-gallery-4 is-layout-flex wp-block-gallery-is-layout-flex\">\n<figure class=\"wp-block-image size-full is-style-default\"><img loading=\"lazy\" decoding=\"async\" width=\"800\" height=\"237\" data-id=\"302\" src=\"https:\/\/www.aero-relic.org\/wp-content\/uploads\/2024\/08\/batzfuselage.jpg\" alt=\"\" class=\"wp-image-302\" srcset=\"https:\/\/www.aero-relic.org\/wp-content\/uploads\/2024\/08\/batzfuselage.jpg 800w, https:\/\/www.aero-relic.org\/wp-content\/uploads\/2024\/08\/batzfuselage-300x89.jpg 300w, https:\/\/www.aero-relic.org\/wp-content\/uploads\/2024\/08\/batzfuselage-768x228.jpg 768w\" sizes=\"auto, (max-width: 800px) 100vw, 800px\" \/><\/figure>\n<\/figure>\n<\/div>\n\n\n\n<div class=\"wp-block-column is-vertically-aligned-center is-layout-flow wp-block-column-is-layout-flow\" style=\"flex-basis:40%\">\n<ul style=\"line-height:1.75\" class=\"wp-block-list is-style-checkmark-list\">\n<li>Vue g\u00e9n\u00e9rale c\u00f4t\u00e9 gauche (babord) du fuselage restant. De gauche \u00e0 droite : vestiges de la tourelle de nez d\u00e9truite avec le parachute sur le c\u00f4t\u00e9, suivi du poste du navigateur o\u00f9 est bien visible le tube de Pitot. Enfin, ce qu&#8217;il reste du cockpit\u2026 (Photomontage : J.P. Joncheray)<\/li>\n<\/ul>\n<\/div>\n<\/div>\n\n\n\n<div style=\"height:var(--wp--preset--spacing--40)\" aria-hidden=\"true\" class=\"wp-block-spacer\"><\/div>\n\n\n\n<div class=\"wp-block-columns alignwide is-layout-flex wp-container-core-columns-is-layout-d1c656ed wp-block-columns-is-layout-flex\">\n<div class=\"wp-block-column is-layout-flow wp-block-column-is-layout-flow\" style=\"flex-basis:50%\">\n<figure class=\"wp-block-gallery has-nested-images columns-default is-cropped wp-block-gallery-5 is-layout-flex wp-block-gallery-is-layout-flex\">\n<figure class=\"wp-block-image size-full is-style-default\"><img loading=\"lazy\" decoding=\"async\" width=\"400\" height=\"560\" data-id=\"301\" src=\"https:\/\/www.aero-relic.org\/wp-content\/uploads\/2024\/08\/batzneznb.jpg\" alt=\"\" class=\"wp-image-301\" srcset=\"https:\/\/www.aero-relic.org\/wp-content\/uploads\/2024\/08\/batzneznb.jpg 400w, https:\/\/www.aero-relic.org\/wp-content\/uploads\/2024\/08\/batzneznb-214x300.jpg 214w\" sizes=\"auto, (max-width: 400px) 100vw, 400px\" \/><\/figure>\n<\/figure>\n<\/div>\n\n\n\n<div class=\"wp-block-column is-vertically-aligned-center is-layout-flow wp-block-column-is-layout-flow\" style=\"flex-basis:40%\">\n<ul style=\"line-height:1.75\" class=\"wp-block-list is-style-checkmark-list\">\n<li>Vue de la porte d&#8217;acc\u00e8s \u00e0 la tourelle de nez <\/li>\n<\/ul>\n<\/div>\n<\/div>\n\n\n\n<div style=\"height:var(--wp--preset--spacing--40)\" aria-hidden=\"true\" class=\"wp-block-spacer\"><\/div>\n\n\n\n<div class=\"wp-block-columns alignwide is-layout-flex wp-container-core-columns-is-layout-d1c656ed wp-block-columns-is-layout-flex\">\n<div class=\"wp-block-column is-layout-flow wp-block-column-is-layout-flow\" style=\"flex-basis:50%\">\n<figure class=\"wp-block-gallery has-nested-images columns-default is-cropped wp-block-gallery-6 is-layout-flex wp-block-gallery-is-layout-flex\">\n<figure class=\"wp-block-image size-full is-style-default\"><img loading=\"lazy\" decoding=\"async\" width=\"400\" height=\"265\" data-id=\"300\" src=\"https:\/\/www.aero-relic.org\/wp-content\/uploads\/2024\/08\/batzoxyregul.jpg\" alt=\"\" class=\"wp-image-300\" srcset=\"https:\/\/www.aero-relic.org\/wp-content\/uploads\/2024\/08\/batzoxyregul.jpg 400w, https:\/\/www.aero-relic.org\/wp-content\/uploads\/2024\/08\/batzoxyregul-300x199.jpg 300w\" sizes=\"auto, (max-width: 400px) 100vw, 400px\" \/><\/figure>\n<\/figure>\n<\/div>\n\n\n\n<div class=\"wp-block-column is-vertically-aligned-center is-layout-flow wp-block-column-is-layout-flow\" style=\"flex-basis:40%\">\n<ul style=\"line-height:1.75\" class=\"wp-block-list is-style-checkmark-list\">\n<li>R\u00e9gulateur d&#8217;oxyg\u00e8ne apres nettoyage<\/li>\n\n\n\n<li>(coll. P. Castellano)<\/li>\n<\/ul>\n<\/div>\n<\/div>\n<\/div>\n<\/div>\n\n\n\n<div class=\"wp-block-group alignfull has-base-2-background-color has-background is-layout-constrained wp-container-core-group-is-layout-669513ed wp-block-group-is-layout-constrained\" style=\"margin-top:0;margin-bottom:0;padding-top:var(--wp--preset--spacing--50);padding-right:var(--wp--preset--spacing--50);padding-bottom:var(--wp--preset--spacing--50);padding-left:var(--wp--preset--spacing--50)\">\n<div class=\"wp-block-columns alignwide is-layout-flex wp-container-core-columns-is-layout-d0bbbce0 wp-block-columns-is-layout-flex\">\n<div class=\"wp-block-column is-layout-flow wp-container-core-column-is-layout-e3d1c41b wp-block-column-is-layout-flow\">\n<p>Le samedi 5 octobre 1997, \u00e9tait inaugur\u00e9 face \u00e0 la baie d\u2019Agay, un monument \u00e0 la m\u00e9moire de cet \u00e9quipage. Nous profitons de ces lignes pour renouveler nos remerciements \u00e0 la municipalit\u00e9 de Saint-Rapha\u00ebl, ainsi qu&#8217;\u00e0 l&#8217;association des anciens combattants de la ville.<\/p>\n\n\n\n<p>Au printemps 2002, par mesure de s\u00e9curit\u00e9, les plongeurs d\u00e9mineurs de Toulon, a notre demande, exploraient le site, et d\u00e9truisaient les 29 bombes retrouv\u00e9es.<\/p>\n\n\n\n<p>Plus d&#8217;informations ici : <a href=\"https:\/\/www.uswarmemorials.org\/html\/monument_details.php?SiteID=2598&amp;MemID=3397\">uswarmemorials.org<\/a><\/p>\n<\/div>\n<\/div>\n<\/div>\n\n\n\n<div class=\"wp-block-group alignfull is-layout-constrained wp-container-core-group-is-layout-d89aad35 wp-block-group-is-layout-constrained\" style=\"margin-top:0;margin-bottom:0;padding-top:var(--wp--preset--spacing--50);padding-right:var(--wp--preset--spacing--50);padding-bottom:var(--wp--preset--spacing--50);padding-left:var(--wp--preset--spacing--50)\">\n<div class=\"wp-block-group alignwide is-layout-constrained wp-container-core-group-is-layout-19e250f3 wp-block-group-is-layout-constrained\">\n<div class=\"wp-block-columns alignwide is-layout-flex wp-container-core-columns-is-layout-d1c656ed wp-block-columns-is-layout-flex\">\n<div class=\"wp-block-column is-layout-flow wp-block-column-is-layout-flow\" style=\"flex-basis:50%\">\n<figure class=\"wp-block-gallery has-nested-images columns-default is-cropped wp-block-gallery-7 is-layout-flex wp-block-gallery-is-layout-flex\">\n<figure class=\"wp-block-image size-full is-style-default\"><img loading=\"lazy\" decoding=\"async\" width=\"400\" height=\"301\" data-id=\"298\" src=\"https:\/\/www.aero-relic.org\/wp-content\/uploads\/2024\/08\/batzinauguration.jpg\" alt=\"\" class=\"wp-image-298\" srcset=\"https:\/\/www.aero-relic.org\/wp-content\/uploads\/2024\/08\/batzinauguration.jpg 400w, https:\/\/www.aero-relic.org\/wp-content\/uploads\/2024\/08\/batzinauguration-300x226.jpg 300w\" sizes=\"auto, (max-width: 400px) 100vw, 400px\" \/><\/figure>\n<\/figure>\n<\/div>\n\n\n\n<div class=\"wp-block-column is-vertically-aligned-center is-layout-flow wp-block-column-is-layout-flow\" style=\"flex-basis:40%\">\n<ul style=\"line-height:1.75\" class=\"wp-block-list is-style-checkmark-list\">\n<li>B. Cyvoct, P. Castellano et D. Ellena le jour de l&#8217;inauguration du monument<\/li>\n<\/ul>\n<\/div>\n<\/div>\n\n\n\n<div style=\"height:16px\" aria-hidden=\"true\" class=\"wp-block-spacer\"><\/div>\n\n\n\n<div style=\"height:16px\" aria-hidden=\"true\" class=\"wp-block-spacer\"><\/div>\n<\/div>\n<\/div>\n\n\n\n<div class=\"wp-block-group alignfull has-base-2-background-color has-background is-layout-constrained wp-container-core-group-is-layout-669513ed wp-block-group-is-layout-constrained\" style=\"margin-top:0;margin-bottom:0;padding-top:var(--wp--preset--spacing--50);padding-right:var(--wp--preset--spacing--50);padding-bottom:var(--wp--preset--spacing--50);padding-left:var(--wp--preset--spacing--50)\">\n<div class=\"wp-block-columns alignwide is-layout-flex wp-container-core-columns-is-layout-d0bbbce0 wp-block-columns-is-layout-flex\">\n<div class=\"wp-block-column is-layout-flow wp-container-core-column-is-layout-e3d1c41b wp-block-column-is-layout-flow\">\n<p class=\"has-text-align-center\"><strong>Merci \u00e0 tous.<\/strong><\/p>\n<\/div>\n<\/div>\n<\/div>\n","protected":false},"excerpt":{"rendered":"<p>Pilote : Sous-Lieutenant Robert V. Batz Mission Date : 27 mai 1944, 9h20, MACR 5413Base : Objectif : Bombardement du terrain d&#8217;aviation de MontpellierZone de crash : En mer (-42m), en rade d&#8217;Agay,Var, France Avion Type : B-24G-10-NTSerial : 42-78213 &#8220;Miss I Hope&#8221; Unit\u00e9 : 15th AF, 304th BW, 454th BG, 736th Squadron Equipage Pilote [&hellip;]<\/p>\n","protected":false},"author":2,"featured_media":0,"parent":0,"menu_order":0,"comment_status":"closed","ping_status":"closed","template":"","meta":{"footnotes":""},"class_list":["post-297","page","type-page","status-publish","hentry"],"_links":{"self":[{"href":"https:\/\/www.aero-relic.org\/index.php\/wp-json\/wp\/v2\/pages\/297","targetHints":{"allow":["GET"]}}],"collection":[{"href":"https:\/\/www.aero-relic.org\/index.php\/wp-json\/wp\/v2\/pages"}],"about":[{"href":"https:\/\/www.aero-relic.org\/index.php\/wp-json\/wp\/v2\/types\/page"}],"author":[{"embeddable":true,"href":"https:\/\/www.aero-relic.org\/index.php\/wp-json\/wp\/v2\/users\/2"}],"replies":[{"embeddable":true,"href":"https:\/\/www.aero-relic.org\/index.php\/wp-json\/wp\/v2\/comments?post=297"}],"version-history":[{"count":4,"href":"https:\/\/www.aero-relic.org\/index.php\/wp-json\/wp\/v2\/pages\/297\/revisions"}],"predecessor-version":[{"id":345,"href":"https:\/\/www.aero-relic.org\/index.php\/wp-json\/wp\/v2\/pages\/297\/revisions\/345"}],"wp:attachment":[{"href":"https:\/\/www.aero-relic.org\/index.php\/wp-json\/wp\/v2\/media?parent=297"}],"curies":[{"name":"wp","href":"https:\/\/api.w.org\/{rel}","templated":true}]}}