{"id":257,"date":"2024-08-07T20:03:32","date_gmt":"2024-08-07T20:03:32","guid":{"rendered":"https:\/\/www.aero-relic.org\/?page_id=257"},"modified":"2024-08-07T22:18:40","modified_gmt":"2024-08-07T22:18:40","slug":"f-5a-42-13286","status":"publish","type":"page","link":"https:\/\/www.aero-relic.org\/index.php\/f-5a-42-13286\/","title":{"rendered":"F-5A 42-13286"},"content":{"rendered":"\n<div class=\"wp-block-group alignfull is-layout-constrained wp-container-core-group-is-layout-490fa1db wp-block-group-is-layout-constrained\" style=\"padding-top:var(--wp--preset--spacing--50);padding-right:var(--wp--preset--spacing--50);padding-bottom:var(--wp--preset--spacing--50);padding-left:var(--wp--preset--spacing--50)\">\n<div class=\"wp-block-group is-layout-constrained wp-container-core-group-is-layout-650790e1 wp-block-group-is-layout-constrained\">\n<h1 class=\"wp-block-heading has-text-align-center has-x-large-font-size\">Pilote : Capitaine Ike B. Webb. Jr.<\/h1>\n\n\n\n<div style=\"height:1.25rem\" aria-hidden=\"true\" class=\"wp-block-spacer\"><\/div>\n<\/div>\n<\/div>\n\n\n\n<div class=\"wp-block-group alignfull has-base-2-background-color has-background is-layout-constrained wp-container-core-group-is-layout-669513ed wp-block-group-is-layout-constrained\" style=\"margin-top:0;margin-bottom:0;padding-top:var(--wp--preset--spacing--50);padding-right:var(--wp--preset--spacing--50);padding-bottom:var(--wp--preset--spacing--50);padding-left:var(--wp--preset--spacing--50)\">\n<div class=\"wp-block-group is-vertical is-content-justification-center is-layout-flex wp-container-core-group-is-layout-52b864f0 wp-block-group-is-layout-flex\">\n<h2 class=\"wp-block-heading has-text-align-center is-style-asterisk\">Mission<\/h2>\n\n\n\n<div style=\"height:0px\" aria-hidden=\"true\" class=\"wp-block-spacer wp-container-content-4f2ccadb\"><\/div>\n\n\n\n<p>Date : 24 octobre 1943, 7h30<br>Base : Campo del Oro, Ajaccio, Corse, France<\/p>\n\n\n\n<p>Objectif : Photographier des objectifs sur B\u00e9ziers et Marseille<br>Zone de crash : Quartier des Gages, Allauch, Bouches du Rh\u00f4ne, France<\/p>\n<\/div>\n\n\n\n<div class=\"wp-block-group is-vertical is-content-justification-center is-layout-flex wp-container-core-group-is-layout-52b864f0 wp-block-group-is-layout-flex\">\n<h2 class=\"wp-block-heading has-text-align-center is-style-asterisk\">Avion<\/h2>\n\n\n\n<div style=\"height:0px\" aria-hidden=\"true\" class=\"wp-block-spacer wp-container-content-4f2ccadb\"><\/div>\n\n\n\n<p>Type : F-5A-10-LO<br>Serial : 42-13286<\/p>\n\n\n\n<p>Unit\u00e9 : 12th AF, 12th Photo-Squadron<\/p>\n<\/div>\n\n\n\n<div class=\"wp-block-group is-vertical is-content-justification-center is-layout-flex wp-container-core-group-is-layout-52b864f0 wp-block-group-is-layout-flex\">\n<h2 class=\"wp-block-heading has-text-align-center is-style-asterisk\">Equipage<\/h2>\n\n\n\n<div style=\"height:0px\" aria-hidden=\"true\" class=\"wp-block-spacer wp-container-content-4f2ccadb\"><\/div>\n\n\n\n<figure class=\"wp-block-table is-style-stripes\"><table><tbody><tr><td>Pilote<\/td><td>Capt<\/td><td>Ike B. Webb. Jr.<\/td><td>O-659207<\/td><td class=\"has-text-align-left\" data-align=\"left\">Tu\u00e9<\/td><\/tr><\/tbody><\/table><\/figure>\n<\/div>\n\n\n\n<div style=\"margin-top:0;margin-bottom:0;height:var(--wp--preset--spacing--40)\" aria-hidden=\"true\" class=\"wp-block-spacer\"><\/div>\n\n\n\n<div class=\"wp-block-columns alignwide is-layout-flex wp-container-core-columns-is-layout-d0bbbce0 wp-block-columns-is-layout-flex\">\n<div class=\"wp-block-column is-layout-flow wp-container-core-column-is-layout-e3d1c41b wp-block-column-is-layout-flow\">\n<p>Le tout premier Lockheed Ligthning abattu par la chasse allemande dans le Sud de la France, est venu s&#8217;\u00e9craser au nord de Marseille.<\/p>\n\n\n\n<p>Dimanche 24 octobre 1943, base a\u00e9rienne de Campo del Oro, Ajaccio, Corse, 7 heures du matin.<\/p>\n\n\n\n<p>Le capitaine Ike B. Webb Jr, robuste gaillard de 27 ans, pilote au sein du 3rd photo reconnaissance group de la 12th USAAF, et commandant du 12th Squadron, s&#8217;installe, avec l&#8217;aide de son m\u00e9canicien, \u00e0 bord du Lightning F-5A serial 42-13286.<\/p>\n\n\n\n<p>La tour de contr\u00f4le donne son feu vert \u00e0 7 h 30, et voici l&#8217;appareil qui prend son \u00e9lan et quitte la piste.Pour sa 48eme mission de guerre, le capitaine Webb doit se diriger sur B\u00e9ziers. Le survol de la M\u00e9diterran\u00e9e est effectu\u00e9 sans probl\u00e8me mais, \u00e0 l&#8217;approche des c\u00f4tes sud-ouest de la France, et, si la visibilit\u00e9 au-dessus de 3 600 m\u00e8tres d&#8217;altitude est illimit\u00e9e, en contrepartie, elle est nulle en dessous, car bouch\u00e9e par d&#8217;importantes masses nuageuses interdisant tout champ d&#8217;action sur B\u00e9ziers.<\/p>\n\n\n\n<p>Rapidement, il s&#8217;\u00e9loigne de cette zone et se dirige vers Marseille, o\u00f9 une immense trou\u00e9e est d\u00e9j\u00e0 visible. D\u00e8s lors, le travail &#8220;d&#8217;espionnage&#8221; peut commencer.<\/p>\n\n\n\n<p>Mais, deux chasseurs du J.Gr.S\u00fcd viennent de d\u00e9coller de leur base d&#8217;Avignon : les radars allemands ont d\u00e9j\u00e0 d\u00e9tect\u00e9 l&#8217;avion alli\u00e9 !<\/p>\n\n\n\n<p>Il s&#8217;agit de Messerschmitt 109, men\u00e9s par l&#8217;Uffz. (sergent) Gerhardt Rashe qui engage imm\u00e9diatement le combat. Le Lightning semble alors arriver \u00e0 d\u00e9jouer l&#8217;attaque, jusqu&#8217;\u00e0 ce moment pr\u00e9cis ou &#8220;un nuage poussi\u00e8res s&#8217;\u00e9chappe d&#8217;une aile&#8221; !<\/p>\n\n\n\n<p>En fait de poussi\u00e8res, l&#8217;Uffz. Gerhardt Rashe vient de faire mouche \u00e0 plusieurs reprises sur l&#8217;avion am\u00e9ricain, ce qui va instantan\u00e9ment provoquer une longue tra\u00een\u00e9e blanche ; les canalisations de carburant du Lightning viennent d&#8217;\u00eatre d\u00e9molies ! Il semble \u00e9galement que le pilote alli\u00e9 ait \u00e9t\u00e9 touch\u00e9.<\/p>\n\n\n\n<p>Deux points noirs virevoltent maintenant autour du bimoteur d\u00e9sempar\u00e9. La tra\u00een\u00e9e d&#8217;essence pulv\u00e9ris\u00e9e s&#8217;\u00e9paissit puis s&#8217;allonge, tandis que les coups saccad\u00e9s des canons ennemis se sont tus, laissant place \u00e0 un sifflement de plus en plus strident : le plongeon mortel du Lightning vers la terre s&#8217;est accentu\u00e9.Une terrible explosion imm\u00e9diatement suivie d&#8217;une \u00e9paisse fum\u00e9e montant vers le ciel laissent les villageois h\u00e9b\u00e9t\u00e9s, le Lightning, en un \u00e9clair, est venu se d\u00e9sint\u00e9grer un peu au-dessus du quartier des Gages, commune d&#8217;Allauch, dans un vallon calcaire tr\u00e8s encaiss\u00e9.<\/p>\n\n\n\n<p>Un parachute est ouvert, et descend lentement\u2026<\/p>\n\n\n\n<p>Ce ne sera que plusieurs heures apr\u00e8s, et gr\u00e0ce \u00e0 l&#8217;aide de quatre villageois locaux connaissant parfaitement le terrain escarp\u00e9 et difficile d&#8217;acc\u00e8s qu&#8217;est le massif de l&#8217;Etoile, que les Allemands pourront localiser le corps de l&#8217;infortun\u00e9 capitaine Webb, sans vie, toujours sangl\u00e9 a son parachute, dans un vallon d\u00e9nomm\u00e9 &#8221; la M\u00fbre&#8221;, \u00e0 moins de deux km \u00e0 vol d&#8217;oiseau au nord de l&#8217;endroit o\u00f9 s&#8217;est \u00e9cras\u00e9 son appareil.<\/p>\n\n\n\n<p>Le capitaine Ike B. Webb Jr, repose d\u00e9sormais au cimeti\u00e8re militaire am\u00e9ricain de Draguignan, dans le d\u00e9partement du Var, plot C, all\u00e9e 5, tombe num\u00e9ro 22.<\/p>\n<\/div>\n<\/div>\n\n\n\n<div style=\"height:var(--wp--preset--spacing--20)\" aria-hidden=\"true\" class=\"wp-block-spacer\"><\/div>\n<\/div>\n\n\n\n<div class=\"wp-block-group alignfull is-layout-constrained wp-container-core-group-is-layout-d89aad35 wp-block-group-is-layout-constrained\" style=\"margin-top:0;margin-bottom:0;padding-top:var(--wp--preset--spacing--50);padding-right:var(--wp--preset--spacing--50);padding-bottom:var(--wp--preset--spacing--50);padding-left:var(--wp--preset--spacing--50)\">\n<div class=\"wp-block-group alignwide is-layout-constrained wp-container-core-group-is-layout-19e250f3 wp-block-group-is-layout-constrained\">\n<div style=\"height:16px\" aria-hidden=\"true\" class=\"wp-block-spacer\"><\/div>\n\n\n\n<div class=\"wp-block-columns alignwide is-layout-flex wp-container-core-columns-is-layout-d1c656ed wp-block-columns-is-layout-flex\">\n<div class=\"wp-block-column is-layout-flow wp-block-column-is-layout-flow\" style=\"flex-basis:50%\">\n<figure class=\"wp-block-gallery has-nested-images columns-default is-cropped wp-block-gallery-1 is-layout-flex wp-block-gallery-is-layout-flex\">\n<figure class=\"wp-block-image size-full is-style-default\"><img loading=\"lazy\" decoding=\"async\" width=\"548\" height=\"772\" data-id=\"258\" src=\"https:\/\/www.aero-relic.org\/wp-content\/uploads\/2024\/08\/ikebwebbjr.jpg\" alt=\"\" class=\"wp-image-258\" srcset=\"https:\/\/www.aero-relic.org\/wp-content\/uploads\/2024\/08\/ikebwebbjr.jpg 548w, https:\/\/www.aero-relic.org\/wp-content\/uploads\/2024\/08\/ikebwebbjr-213x300.jpg 213w\" sizes=\"auto, (max-width: 548px) 100vw, 548px\" \/><\/figure>\n<\/figure>\n<\/div>\n\n\n\n<div class=\"wp-block-column is-vertically-aligned-center is-layout-flow wp-block-column-is-layout-flow\" style=\"flex-basis:40%\">\n<ul style=\"line-height:1.75\" class=\"wp-block-list is-style-checkmark-list\">\n<li>Le Capitaine Ike Barron Webb. Jr. (Tu\u00e9)<\/li>\n\n\n\n<li>(Coll. Famille Ludlum\/Webb.)<\/li>\n<\/ul>\n<\/div>\n<\/div>\n\n\n\n<div style=\"height:16px\" aria-hidden=\"true\" class=\"wp-block-spacer\"><\/div>\n\n\n\n<div class=\"wp-block-columns alignwide is-layout-flex wp-container-core-columns-is-layout-d1c656ed wp-block-columns-is-layout-flex\">\n<div class=\"wp-block-column is-layout-flow wp-block-column-is-layout-flow\" style=\"flex-basis:50%\">\n<figure class=\"wp-block-gallery has-nested-images columns-default is-cropped wp-block-gallery-2 is-layout-flex wp-block-gallery-is-layout-flex\">\n<figure class=\"wp-block-image size-full is-style-default\"><img loading=\"lazy\" decoding=\"async\" width=\"1095\" height=\"549\" data-id=\"259\" src=\"https:\/\/www.aero-relic.org\/wp-content\/uploads\/2024\/08\/f5a_42-13286.jpg\" alt=\"\" class=\"wp-image-259\" srcset=\"https:\/\/www.aero-relic.org\/wp-content\/uploads\/2024\/08\/f5a_42-13286.jpg 1095w, https:\/\/www.aero-relic.org\/wp-content\/uploads\/2024\/08\/f5a_42-13286-300x150.jpg 300w, https:\/\/www.aero-relic.org\/wp-content\/uploads\/2024\/08\/f5a_42-13286-1024x513.jpg 1024w, https:\/\/www.aero-relic.org\/wp-content\/uploads\/2024\/08\/f5a_42-13286-768x385.jpg 768w\" sizes=\"auto, (max-width: 1095px) 100vw, 1095px\" \/><\/figure>\n<\/figure>\n<\/div>\n\n\n\n<div class=\"wp-block-column is-vertically-aligned-center is-layout-flow wp-block-column-is-layout-flow\" style=\"flex-basis:40%\">\n<ul style=\"line-height:1.75\" class=\"wp-block-list is-style-checkmark-list\">\n<li>Lockheed F5-A serial 42-13286 sur lequel vola le Capitaine Webb. (Coll. Ludlum\/Webb.)<\/li>\n<\/ul>\n<\/div>\n<\/div>\n\n\n\n<div style=\"height:16px\" aria-hidden=\"true\" class=\"wp-block-spacer\"><\/div>\n\n\n\n<div class=\"wp-block-columns alignwide is-layout-flex wp-container-core-columns-is-layout-d1c656ed wp-block-columns-is-layout-flex\">\n<div class=\"wp-block-column is-layout-flow wp-block-column-is-layout-flow\" style=\"flex-basis:50%\">\n<figure class=\"wp-block-gallery has-nested-images columns-default is-cropped wp-block-gallery-3 is-layout-flex wp-block-gallery-is-layout-flex\">\n<figure class=\"wp-block-image size-full is-style-default\"><img loading=\"lazy\" decoding=\"async\" width=\"544\" height=\"424\" data-id=\"260\" src=\"https:\/\/www.aero-relic.org\/wp-content\/uploads\/2024\/08\/tetedebielle.jpg\" alt=\"\" class=\"wp-image-260\" srcset=\"https:\/\/www.aero-relic.org\/wp-content\/uploads\/2024\/08\/tetedebielle.jpg 544w, https:\/\/www.aero-relic.org\/wp-content\/uploads\/2024\/08\/tetedebielle-300x234.jpg 300w\" sizes=\"auto, (max-width: 544px) 100vw, 544px\" \/><\/figure>\n<\/figure>\n<\/div>\n\n\n\n<div class=\"wp-block-column is-vertically-aligned-center is-layout-flow wp-block-column-is-layout-flow\" style=\"flex-basis:40%\">\n<ul style=\"line-height:1.75\" class=\"wp-block-list is-style-checkmark-list\">\n<li>Vestiges d&#8217;un moteur du F-5A : manetons avec 2 bielles et 1 piston.<\/li>\n<\/ul>\n<\/div>\n<\/div>\n<\/div>\n<\/div>\n","protected":false},"excerpt":{"rendered":"<p>Pilote : Capitaine Ike B. Webb. Jr. Mission Date : 24 octobre 1943, 7h30Base : Campo del Oro, Ajaccio, Corse, France Objectif : Photographier des objectifs sur B\u00e9ziers et MarseilleZone de crash : Quartier des Gages, Allauch, Bouches du Rh\u00f4ne, France Avion Type : F-5A-10-LOSerial : 42-13286 Unit\u00e9 : 12th AF, 12th Photo-Squadron Equipage Pilote [&hellip;]<\/p>\n","protected":false},"author":2,"featured_media":0,"parent":0,"menu_order":0,"comment_status":"closed","ping_status":"closed","template":"","meta":{"footnotes":""},"class_list":["post-257","page","type-page","status-publish","hentry"],"_links":{"self":[{"href":"https:\/\/www.aero-relic.org\/index.php\/wp-json\/wp\/v2\/pages\/257","targetHints":{"allow":["GET"]}}],"collection":[{"href":"https:\/\/www.aero-relic.org\/index.php\/wp-json\/wp\/v2\/pages"}],"about":[{"href":"https:\/\/www.aero-relic.org\/index.php\/wp-json\/wp\/v2\/types\/page"}],"author":[{"embeddable":true,"href":"https:\/\/www.aero-relic.org\/index.php\/wp-json\/wp\/v2\/users\/2"}],"replies":[{"embeddable":true,"href":"https:\/\/www.aero-relic.org\/index.php\/wp-json\/wp\/v2\/comments?post=257"}],"version-history":[{"count":3,"href":"https:\/\/www.aero-relic.org\/index.php\/wp-json\/wp\/v2\/pages\/257\/revisions"}],"predecessor-version":[{"id":341,"href":"https:\/\/www.aero-relic.org\/index.php\/wp-json\/wp\/v2\/pages\/257\/revisions\/341"}],"wp:attachment":[{"href":"https:\/\/www.aero-relic.org\/index.php\/wp-json\/wp\/v2\/media?parent=257"}],"curies":[{"name":"wp","href":"https:\/\/api.w.org\/{rel}","templated":true}]}}