{"id":250,"date":"2024-08-07T19:31:13","date_gmt":"2024-08-07T19:31:13","guid":{"rendered":"https:\/\/www.aero-relic.org\/?page_id=250"},"modified":"2024-08-07T22:18:11","modified_gmt":"2024-08-07T22:18:11","slug":"leo-451-502","status":"publish","type":"page","link":"https:\/\/www.aero-relic.org\/index.php\/leo-451-502\/","title":{"rendered":"L\u00e9O 451 502"},"content":{"rendered":"\n<div class=\"wp-block-group alignfull is-layout-constrained wp-container-core-group-is-layout-490fa1db wp-block-group-is-layout-constrained\" style=\"padding-top:var(--wp--preset--spacing--50);padding-right:var(--wp--preset--spacing--50);padding-bottom:var(--wp--preset--spacing--50);padding-left:var(--wp--preset--spacing--50)\">\n<div class=\"wp-block-group is-layout-constrained wp-container-core-group-is-layout-650790e1 wp-block-group-is-layout-constrained\">\n<h1 class=\"wp-block-heading has-text-align-center has-x-large-font-size\">Pilote : Sgt\/M Biondi<\/h1>\n\n\n\n<div style=\"height:1.25rem\" aria-hidden=\"true\" class=\"wp-block-spacer\"><\/div>\n<\/div>\n<\/div>\n\n\n\n<div class=\"wp-block-group alignfull has-base-2-background-color has-background is-layout-constrained wp-container-core-group-is-layout-669513ed wp-block-group-is-layout-constrained\" style=\"margin-top:0;margin-bottom:0;padding-top:var(--wp--preset--spacing--50);padding-right:var(--wp--preset--spacing--50);padding-bottom:var(--wp--preset--spacing--50);padding-left:var(--wp--preset--spacing--50)\">\n<div class=\"wp-block-group is-vertical is-content-justification-center is-layout-flex wp-container-core-group-is-layout-52b864f0 wp-block-group-is-layout-flex\">\n<h2 class=\"wp-block-heading has-text-align-center is-style-asterisk\">Mission<\/h2>\n\n\n\n<div style=\"height:0px\" aria-hidden=\"true\" class=\"wp-block-spacer wp-container-content-4f2ccadb\"><\/div>\n\n\n\n<p>Date : 20 mars 1943<br>Base : Istres, Bouches du Rh\u00f4ne, France<\/p>\n\n\n\n<p>Objectif : Vol de convoyage<br>Zone de crash : Massif du Teillon, Soleilhas, Alpes-de-Haute-Provence, France<\/p>\n<\/div>\n\n\n\n<div class=\"wp-block-group is-vertical is-content-justification-center is-layout-flex wp-container-core-group-is-layout-52b864f0 wp-block-group-is-layout-flex\">\n<h2 class=\"wp-block-heading has-text-align-center is-style-asterisk\">Avion<\/h2>\n\n\n\n<div style=\"height:0px\" aria-hidden=\"true\" class=\"wp-block-spacer wp-container-content-4f2ccadb\"><\/div>\n\n\n\n<p>Type : L\u00e9O 451<br>Serial : 502<\/p>\n\n\n\n<p>Unit\u00e9 : <\/p>\n<\/div>\n\n\n\n<div class=\"wp-block-group is-vertical is-content-justification-center is-layout-flex wp-container-core-group-is-layout-52b864f0 wp-block-group-is-layout-flex\">\n<h2 class=\"wp-block-heading has-text-align-center is-style-asterisk\">Equipage<\/h2>\n\n\n\n<div style=\"height:0px\" aria-hidden=\"true\" class=\"wp-block-spacer wp-container-content-4f2ccadb\"><\/div>\n\n\n\n<figure class=\"wp-block-table is-style-stripes\"><table><tbody><tr><td>Pilote<\/td><td>S\/Lt<\/td><td>Biondi.<\/td><td class=\"has-text-align-left\" data-align=\"left\"><\/td><\/tr><tr><td><\/td><td><\/td><td>Palmisano<\/td><td class=\"has-text-align-left\" data-align=\"left\"><\/td><\/tr><\/tbody><\/table><\/figure>\n<\/div>\n\n\n\n<div style=\"margin-top:0;margin-bottom:0;height:var(--wp--preset--spacing--40)\" aria-hidden=\"true\" class=\"wp-block-spacer\"><\/div>\n\n\n\n<div class=\"wp-block-columns alignwide is-layout-flex wp-container-core-columns-is-layout-d0bbbce0 wp-block-columns-is-layout-flex\">\n<div class=\"wp-block-column is-layout-flow wp-container-core-column-is-layout-e3d1c41b wp-block-column-is-layout-flow\">\n<p>En 1992, lors d&#8217;une randonn\u00e9e dans les environs de Soleihas, B. Cyvoct, trouva par hasard un morceau de t\u00f4le qui retint son attention.<\/p>\n\n\n\n<p>En effet, ce morceau de t\u00f4le semblait relativement ancien et comportait de nombreux rivets et fixations de type aviation.<\/p>\n\n\n\n<p>Il f\u00eet part de sa d\u00e9couverte \u00e0 P. Castellano qui enqu\u00eata afin de d\u00e9couvrir si il y avait eu un avion \u00e9cras\u00e9 dans les environs de Soleihas.<\/p>\n\n\n\n<p>En 2004, P. Castellano, en contact avec d&#8217;autres passionn\u00e9s d&#8217;aviation ancienne fut inform\u00e9 de l&#8217;existence du ouvrage italien (auteur Giancarlo Garello), rapportant l&#8217;histoire d&#8217;un avion fran\u00e7ais tomb\u00e9 du cot\u00e9 de Soleihas :<\/p>\n\n\n\n<p>Apr\u00e8s deux de semaines de familiarisation avec leurs nouveaux avions fran\u00e7ais L\u00e9O 451, 3 \u00e9quipages italiens quitt\u00e8rent Amb\u00e9rieu, le 17 mars 1943.<\/p>\n\n\n\n<p>Leader, le lieutenant Asquer avait pour ailier droit le lieutenant Fumagalli et pour ailier gauche le sergent-major Biondi.<\/p>\n\n\n\n<p>Apr\u00e8s une escale de deux jours \u00e0 Istres, les 3 L\u00e9O repartirent le 20 mars, destination Cameri (Italie).<\/p>\n\n\n\n<p>L&#8217;appareil du Lt Asquer, seul dot\u00e9 d&#8217;un compas en \u00e9tat de marche, conduisait la formation. A proximit\u00e9 des Alpes les conditions m\u00e9t\u00e9orologiques mirent en difficult\u00e9 les deux ailiers qui perdirent de vue leur leader.<\/p>\n\n\n\n<p>Si le Lt Fumagalli r\u00e9ussit \u00e0 percer les nuages et \u00e0 se poser au Cannet des Maures, le sergent-major Biondi se trouva contraint de monter en altitude pour passer au-dessus des montagnes.<\/p>\n\n\n\n<p>Apr\u00e8s quelques minutes l&#8217;appareil alourdi par la glace ne pouvait plus \u00eatre contr\u00f4l\u00e9 et le sergent-major Biondi d\u00e9cida d&#8217;\u00e9ffectuer un atterrissage forc\u00e9 d\u00e8s que possible.<\/p>\n\n\n\n<p>Suite au fracas de l&#8217;atterrissage, les habitants du village de Saint-Auban, Alpes maritimes (5 Km \u00e0 l&#8217;est de Soleilhas), accourent vers l&#8217;endroit d&#8217;o\u00f9 \u00e9tait provenu ce bruit.<\/p>\n\n\n\n<p>Ils trouv\u00e8rent le L\u00e9O n\u00b0 502 d\u00e9truit et ses deux membres d&#8217;\u00e9quipage bless\u00e9s mais tr\u00e8s heureux d&#8217;\u00eatre saufs.<\/p>\n\n\n\n<p>Le sergent-major Blondi et l&#8217;aviateur de 1\u00e8re classe Palmisano furent transport\u00e9s dans la vall\u00e9e, aupr\u00e8s d&#8217;une compagnie d&#8217;Alpini (chasseurs alpins), puis soign\u00e9s dans un h\u00f4pital de campagne pr\u00e8s de Grasse.<\/p>\n\n\n\n<p>Quelques photos suppl\u00e9menatires ici : <a href=\"https:\/\/www.modelforum.cz\/viewtopic.php?f=729&amp;t=132814\">Diskusn\u00ed f\u00f3rum model\u00e1\u0159\u016f \u2022 Zobrazit t\u00e9ma &#8211; LeO 45 \/ 451 (modelforum.cz)<\/a><\/p>\n<\/div>\n<\/div>\n\n\n\n<div style=\"height:var(--wp--preset--spacing--20)\" aria-hidden=\"true\" class=\"wp-block-spacer\"><\/div>\n<\/div>\n\n\n\n<div class=\"wp-block-group alignfull is-layout-constrained wp-container-core-group-is-layout-d89aad35 wp-block-group-is-layout-constrained\" style=\"margin-top:0;margin-bottom:0;padding-top:var(--wp--preset--spacing--50);padding-right:var(--wp--preset--spacing--50);padding-bottom:var(--wp--preset--spacing--50);padding-left:var(--wp--preset--spacing--50)\">\n<div class=\"wp-block-group alignwide is-layout-constrained wp-container-core-group-is-layout-19e250f3 wp-block-group-is-layout-constrained\">\n<div style=\"height:16px\" aria-hidden=\"true\" class=\"wp-block-spacer\"><\/div>\n\n\n\n<div class=\"wp-block-columns alignwide is-layout-flex wp-container-core-columns-is-layout-d1c656ed wp-block-columns-is-layout-flex\">\n<div class=\"wp-block-column is-layout-flow wp-block-column-is-layout-flow\" style=\"flex-basis:50%\">\n<figure class=\"wp-block-gallery has-nested-images columns-default is-cropped wp-block-gallery-1 is-layout-flex wp-block-gallery-is-layout-flex\">\n<figure class=\"wp-block-image size-full is-style-default\"><img loading=\"lazy\" decoding=\"async\" width=\"349\" height=\"231\" data-id=\"251\" src=\"https:\/\/www.aero-relic.org\/wp-content\/uploads\/2024\/08\/Leo451.jpg\" alt=\"\" class=\"wp-image-251\" srcset=\"https:\/\/www.aero-relic.org\/wp-content\/uploads\/2024\/08\/Leo451.jpg 349w, https:\/\/www.aero-relic.org\/wp-content\/uploads\/2024\/08\/Leo451-300x199.jpg 300w\" sizes=\"auto, (max-width: 349px) 100vw, 349px\" \/><\/figure>\n<\/figure>\n<\/div>\n\n\n\n<div class=\"wp-block-column is-vertically-aligned-center is-layout-flow wp-block-column-is-layout-flow\" style=\"flex-basis:40%\">\n<ul style=\"line-height:1.75\" class=\"wp-block-list is-style-checkmark-list\">\n<li>Le LeO 451 N\u00b0502 apres l&#8217;atterrissage forc\u00e9<\/li>\n\n\n\n<li>(Coll. Famille Bonhomme)<\/li>\n<\/ul>\n<\/div>\n<\/div>\n\n\n\n<div style=\"height:16px\" aria-hidden=\"true\" class=\"wp-block-spacer\"><\/div>\n\n\n\n<div style=\"height:16px\" aria-hidden=\"true\" class=\"wp-block-spacer\"><\/div>\n<\/div>\n<\/div>\n","protected":false},"excerpt":{"rendered":"<p>Pilote : Sgt\/M Biondi Mission Date : 20 mars 1943Base : Istres, Bouches du Rh\u00f4ne, France Objectif : Vol de convoyageZone de crash : Massif du Teillon, Soleilhas, Alpes-de-Haute-Provence, France Avion Type : L\u00e9O 451Serial : 502 Unit\u00e9 : Equipage Pilote S\/Lt Biondi. Palmisano En 1992, lors d&#8217;une randonn\u00e9e dans les environs de Soleihas, B. [&hellip;]<\/p>\n","protected":false},"author":2,"featured_media":0,"parent":0,"menu_order":0,"comment_status":"closed","ping_status":"closed","template":"","meta":{"footnotes":""},"class_list":["post-250","page","type-page","status-publish","hentry"],"_links":{"self":[{"href":"https:\/\/www.aero-relic.org\/index.php\/wp-json\/wp\/v2\/pages\/250","targetHints":{"allow":["GET"]}}],"collection":[{"href":"https:\/\/www.aero-relic.org\/index.php\/wp-json\/wp\/v2\/pages"}],"about":[{"href":"https:\/\/www.aero-relic.org\/index.php\/wp-json\/wp\/v2\/types\/page"}],"author":[{"embeddable":true,"href":"https:\/\/www.aero-relic.org\/index.php\/wp-json\/wp\/v2\/users\/2"}],"replies":[{"embeddable":true,"href":"https:\/\/www.aero-relic.org\/index.php\/wp-json\/wp\/v2\/comments?post=250"}],"version-history":[{"count":4,"href":"https:\/\/www.aero-relic.org\/index.php\/wp-json\/wp\/v2\/pages\/250\/revisions"}],"predecessor-version":[{"id":339,"href":"https:\/\/www.aero-relic.org\/index.php\/wp-json\/wp\/v2\/pages\/250\/revisions\/339"}],"wp:attachment":[{"href":"https:\/\/www.aero-relic.org\/index.php\/wp-json\/wp\/v2\/media?parent=250"}],"curies":[{"name":"wp","href":"https:\/\/api.w.org\/{rel}","templated":true}]}}